{"id":51,"date":"2020-04-08T14:09:04","date_gmt":"2020-04-08T14:09:04","guid":{"rendered":"http:\/\/szymczakowie.net\/Blog\/?page_id=51"},"modified":"2020-04-08T14:09:04","modified_gmt":"2020-04-08T14:09:04","slug":"polityka-plikow-cookies","status":"publish","type":"page","link":"https:\/\/szymczakowie.net\/Blog\/?page_id=51","title":{"rendered":"Polityka plik\u00f3w &#8222;cookies&#8221;"},"content":{"rendered":"<div class=\"cli_pg_page_contaner\">\n<h3>Polityka dotycz\u0105ca cookies<\/h3>\n<div>W celu \u015bwiadczenia us\u0142ug na najwy\u017cszym poziomie stosujemy&nbsp;pliki cookies. Korzystanie z naszej witryny oznacza, \u017ce b\u0119d\u0105 one zamieszczane w Pa\u0144stwa urz\u0105dzeniu. W ka\u017cdym momencie mo\u017cna dokona\u0107 zmiany ustawie\u0144 Pa\u0144stwa przegl\u0105darki.<div class=\"cli_user_consent_state\">Your current state: No consent given. <a class=\"cli_manage_current_consent\" style=\"cursor:pointer;text-decoration:underline;\">Manage your consent.<\/a> <\/div><\/div>\n<h3>Czym s\u0105 ciasteczka?<\/h3>\n<div>Pliki \u201ecookies&#8221; (ciasteczka) &#8211; to niewielkie pliki tekstowe wysy\u0142ane przez serwer WWW i zapisywane po stronie u\u017cytkownika na jego twardym dysku. Domy\u015blne parametry ciasteczek pozwalaj\u0105 na odczytanie informacji w nich zawartych jedynie serwerowi, kt\u00f3ry je utworzy\u0142.&nbsp;Nie zawieraj\u0105 one \u017cadnych danych osobowych.Mechanizm cookies jest bezpieczny dla komputer\u00f3w U\u017cytkownik\u00f3w Strony Internetowej. W szczeg\u00f3lno\u015bci t\u0105 drog\u0105 nie jest mo\u017cliwe przedostanie si\u0119 do komputer\u00f3w U\u017cytkownik\u00f3w wirus\u00f3w lub innego niechcianego oprogramowania lub oprogramowania z\u0142o\u015bliwego. Niemniej w swoich przegl\u0105darkach U\u017cytkownicy maj\u0105 mo\u017cliwo\u015b\u0107 ograniczenia lub wy\u0142\u0105czenia dost\u0119pu plik\u00f3w cookies do komputer\u00f3w. W przypadku skorzystania z tej opcji korzystanie ze Strony Internetowej b\u0119dzie mo\u017cliwe poza funkcjami, kt\u00f3re ze swojej natury wymagaj\u0105 plik\u00f3w cookies.<\/div>\n<h3>Jak korzystamy z ciasteczek?<\/h3>\n<div>Dla Pa\u0144stwa wygody&nbsp;serwis&nbsp;szymczakowie.net&nbsp;u\u017cywa plik\u00f3w cookies po to,&nbsp;by dostosowa\u0107 serwis do potrzeb u\u017cytkownik\u00f3w, a tak\u017ce w celach statystycznych.<\/div>\n<h3>Jak zmieni\u0107 ustawienia cookies?<\/h3>\n<div>Poni\u017cej wskazujemy spos\u00f3b zmiany ustawie\u0144 cookies w najbardziej popularnych wyszukiwarkach:Google ChromeMenu &gt; Ustawienia &gt; Poka\u017c ustawienia zaawansowane &gt; Prywatno\u015b\u0107 &gt; Ustawienia tre\u015bci &gt; Pliki cookies &nbsp;\u2013 nale\u017cy wybra\u0107 odpowiedni\u0105 opcj\u0119.Internet ExplorerMenu &gt; Narz\u0119dzia &gt; Opcje internetowe &gt; Prywatno\u015b\u0107 \u2013 nale\u017cy wybra\u0107 odpowiedni\u0105 opcj\u0119.Mozilla FirefoxMenu &gt; Opcje &gt; Prywatno\u015b\u0107 &gt; Historia \u2013 nale\u017cy wybra\u0107 odpowiedni\u0105 opcj\u0119.OperaMenu &gt; Preferencje &gt; Zaawansowane &gt; Ciasteczka \u2013 nale\u017cy wybra\u0107 odpowiedni\u0105 opcj\u0119.SafariMenu &gt; Preferencje &gt; Prywatno\u015b\u0107 &gt; Pliki cookies \u2013 nale\u017cy wybra\u0107 odpowiedni\u0105 opcj\u0119.&nbsp;<\/div>\n<\/div>\n","protected":false},"excerpt":{"rendered":"<p>Polityka dotycz\u0105ca cookies W celu \u015bwiadczenia us\u0142ug na najwy\u017cszym poziomie stosujemy&nbsp;pliki cookies. Korzystanie z naszej witryny oznacza, \u017ce b\u0119d\u0105 one zamieszczane w Pa\u0144stwa urz\u0105dzeniu. W ka\u017cdym momencie mo\u017cna dokona\u0107 zmiany ustawie\u0144 Pa\u0144stwa przegl\u0105darki. Czym s\u0105 ciasteczka? Pliki \u201ecookies&#8221; (ciasteczka) &#8211; to niewielkie pliki tekstowe wysy\u0142ane przez serwer WWW i zapisywane po stronie u\u017cytkownika na jego &hellip; <\/p>\n<p class=\"link-more\"><a href=\"https:\/\/szymczakowie.net\/Blog\/?page_id=51\" class=\"more-link\">Czytaj dalej<span class=\"screen-reader-text\"> Polityka plik\u00f3w &#8222;cookies&#8221;<\/span><\/a><\/p>\n","protected":false},"author":1,"featured_media":0,"parent":0,"menu_order":0,"comment_status":"closed","ping_status":"closed","template":"","meta":[],"_links":{"self":[{"href":"https:\/\/szymczakowie.net\/Blog\/index.php?rest_route=\/wp\/v2\/pages\/51"}],"collection":[{"href":"https:\/\/szymczakowie.net\/Blog\/index.php?rest_route=\/wp\/v2\/pages"}],"about":[{"href":"https:\/\/szymczakowie.net\/Blog\/index.php?rest_route=\/wp\/v2\/types\/page"}],"author":[{"embeddable":true,"href":"https:\/\/szymczakowie.net\/Blog\/index.php?rest_route=\/wp\/v2\/users\/1"}],"replies":[{"embeddable":true,"href":"https:\/\/szymczakowie.net\/Blog\/index.php?rest_route=%2Fwp%2Fv2%2Fcomments&post=51"}],"version-history":[{"count":1,"href":"https:\/\/szymczakowie.net\/Blog\/index.php?rest_route=\/wp\/v2\/pages\/51\/revisions"}],"predecessor-version":[{"id":53,"href":"https:\/\/szymczakowie.net\/Blog\/index.php?rest_route=\/wp\/v2\/pages\/51\/revisions\/53"}],"wp:attachment":[{"href":"https:\/\/szymczakowie.net\/Blog\/index.php?rest_route=%2Fwp%2Fv2%2Fmedia&parent=51"}],"curies":[{"name":"wp","href":"https:\/\/api.w.org\/{rel}","templated":true}]}}